{"id":399,"date":"2019-06-04T11:33:55","date_gmt":"2019-06-04T11:33:55","guid":{"rendered":"https:\/\/rentacarubeogradu.rs\/?page_id=399"},"modified":"2019-06-04T11:58:39","modified_gmt":"2019-06-04T11:58:39","slug":"contact","status":"publish","type":"page","link":"https:\/\/rentacarubeogradu.rs\/en\/contact\/","title":{"rendered":"Contact"},"content":{"rendered":"<p>[et_pb_section fb_built=&#8221;1&#8243; admin_label=&#8221;Hero&#8221; _builder_version=&#8221;3.22.3&#8243; background_color=&#8221;#000000&#8243; use_background_color_gradient=&#8221;on&#8221; background_color_gradient_start=&#8221;#00275f&#8221; background_color_gradient_end=&#8221;rgba(0,39,95,0.67)&#8221; background_color_gradient_direction=&#8221;118deg&#8221; background_color_gradient_overlays_image=&#8221;on&#8221; background_image=&#8221;https:\/\/rentacarubeogradu.rs\/wp-content\/uploads\/2019\/04\/Car-Rental-Image-21.jpg&#8221; custom_padding=&#8221;101px|0px|120px|0px|false|false&#8221; bottom_divider_color=&#8221;#d81c29&#8243; bottom_divider_flip=&#8221;vertical&#8221; bottom_divider_height_phone=&#8221;90px&#8221;][et_pb_row custom_padding=&#8221;27px|0px|0|0px|false|false&#8221; _builder_version=&#8221;3.22.3&#8243; custom_width_px=&#8221;1440px&#8221;][et_pb_column type=&#8221;1_2&#8243; _builder_version=&#8221;3.0.47&#8243;][et_pb_text _builder_version=&#8221;3.22.6&#8243; text_font=&#8221;Josefin Sans||||||||&#8221; text_font_size=&#8221;18px&#8221; text_font_size_last_edited=&#8221;on|phone&#8221; text_line_height=&#8221;1.8em&#8221; header_font=&#8221;Josefin Sans|700|||||||&#8221; header_font_size=&#8221;60px&#8221; header_font_size_tablet=&#8221;50px&#8221; header_font_size_phone=&#8221;34px&#8221; header_font_size_last_edited=&#8221;on|phone&#8221; header_line_height=&#8221;1.4em&#8221; header_2_font=&#8221;||||||||&#8221; background_layout=&#8221;dark&#8221; max_width=&#8221;800px&#8221; module_alignment=&#8221;left&#8221; animation_style=&#8221;fade&#8221;]<\/p>\n<h1>Who are we?<\/h1>\n<p>We successfully rent vehicles for every occasion and need you might have. We are happy to claim providing excellent value for money, as confirmed by a large number of our clients, and we are sure that you will become one of them. Our fleet is consisted of reliable vehicles of the latest generation equipped with rich accessories. Also, we are happy to inform you that using our services will get you a lot of unique benefits, without hidden costs. Take your vehicle whenever it suits you and drive it unlimited at the lowest prices.<\/p>\n<p>[\/et_pb_text][\/et_pb_column][et_pb_column type=&#8221;1_2&#8243; _builder_version=&#8221;3.0.47&#8243;][et_pb_contact_form email=&#8221;rentacar2m2@gmail.com&#8221; success_message=&#8221;Your message has been successfully sent.&#8221; submit_button_text=&#8221;send&#8221; form_background_color=&#8221;rgba(255,255,255,0.9)&#8221; module_id=&#8221;et_pb_contact_form_0&#8243; _builder_version=&#8221;3.22.6&#8243; title_font=&#8221;Josefin Sans||||||||&#8221; form_field_font=&#8221;Josefin Sans|700|||||||&#8221; form_field_text_color=&#8221;rgba(104,109,131,0.6)&#8221; form_field_font_size=&#8221;16px&#8221; custom_button=&#8221;on&#8221; button_text_size=&#8221;14px&#8221; button_text_color=&#8221;#ffffff&#8221; button_bg_color=&#8221;#d81c29&#8243; button_border_width=&#8221;12px&#8221; button_border_color=&#8221;#d81c29&#8243; button_border_radius=&#8221;0px&#8221; button_font=&#8221;Josefin Sans|600||on|||||&#8221; button_use_icon=&#8221;off&#8221; max_width=&#8221;800px&#8221; custom_margin=&#8221;|||&#8221; custom_padding=&#8221;|||&#8221; animation_style=&#8221;fold&#8221; animation_direction=&#8221;top&#8221; animation_intensity_fold=&#8221;10%&#8221; z_index_tablet=&#8221;500&#8243; custom_css_text_field=&#8221;color: #fff;&#8221; custom_css_captcha_label=&#8221;color: #fff;&#8221; locked=&#8221;off&#8221;][et_pb_contact_field field_id=&#8221;Name&#8221; field_title=&#8221;Name&#8221; field_background_color=&#8221;#ffffff&#8221; _builder_version=&#8221;3.22.6&#8243; form_field_font=&#8221;||||||||&#8221; form_field_text_color=&#8221;#00275f&#8221; custom_margin=&#8221;||20px|&#8221; custom_margin_tablet=&#8221;||20px|&#8221; custom_margin_phone=&#8221;||20px|&#8221; button_text_size__hover_enabled=&#8221;off&#8221; button_one_text_size__hover_enabled=&#8221;off&#8221; button_two_text_size__hover_enabled=&#8221;off&#8221; button_text_color__hover_enabled=&#8221;off&#8221; button_one_text_color__hover_enabled=&#8221;off&#8221; button_two_text_color__hover_enabled=&#8221;off&#8221; button_border_width__hover_enabled=&#8221;off&#8221; button_one_border_width__hover_enabled=&#8221;off&#8221; button_two_border_width__hover_enabled=&#8221;off&#8221; button_border_color__hover_enabled=&#8221;off&#8221; button_one_border_color__hover_enabled=&#8221;off&#8221; button_two_border_color__hover_enabled=&#8221;off&#8221; button_border_radius__hover_enabled=&#8221;off&#8221; button_one_border_radius__hover_enabled=&#8221;off&#8221; button_two_border_radius__hover_enabled=&#8221;off&#8221; button_letter_spacing__hover_enabled=&#8221;off&#8221; button_one_letter_spacing__hover_enabled=&#8221;off&#8221; button_two_letter_spacing__hover_enabled=&#8221;off&#8221; button_bg_color__hover_enabled=&#8221;off&#8221; button_one_bg_color__hover_enabled=&#8221;off&#8221; button_two_bg_color__hover_enabled=&#8221;off&#8221;][\/et_pb_contact_field][et_pb_contact_field field_id=&#8221;Email&#8221; field_title=&#8221;Email&#8221; field_type=&#8221;email&#8221; field_background_color=&#8221;#ffffff&#8221; _builder_version=&#8221;3.22.6&#8243; form_field_font=&#8221;||||||||&#8221; form_field_text_color=&#8221;#00275f&#8221; custom_margin=&#8221;||20px|&#8221; custom_margin_tablet=&#8221;||20px|&#8221; custom_margin_phone=&#8221;||20px|&#8221; button_text_size__hover_enabled=&#8221;off&#8221; button_one_text_size__hover_enabled=&#8221;off&#8221; button_two_text_size__hover_enabled=&#8221;off&#8221; button_text_color__hover_enabled=&#8221;off&#8221; button_one_text_color__hover_enabled=&#8221;off&#8221; button_two_text_color__hover_enabled=&#8221;off&#8221; button_border_width__hover_enabled=&#8221;off&#8221; button_one_border_width__hover_enabled=&#8221;off&#8221; button_two_border_width__hover_enabled=&#8221;off&#8221; button_border_color__hover_enabled=&#8221;off&#8221; button_one_border_color__hover_enabled=&#8221;off&#8221; button_two_border_color__hover_enabled=&#8221;off&#8221; button_border_radius__hover_enabled=&#8221;off&#8221; button_one_border_radius__hover_enabled=&#8221;off&#8221; button_two_border_radius__hover_enabled=&#8221;off&#8221; button_letter_spacing__hover_enabled=&#8221;off&#8221; button_one_letter_spacing__hover_enabled=&#8221;off&#8221; button_two_letter_spacing__hover_enabled=&#8221;off&#8221; button_bg_color__hover_enabled=&#8221;off&#8221; button_one_bg_color__hover_enabled=&#8221;off&#8221; button_two_bg_color__hover_enabled=&#8221;off&#8221;][\/et_pb_contact_field][et_pb_contact_field field_id=&#8221;Message&#8221; field_title=&#8221;Message&#8221; field_type=&#8221;text&#8221; fullwidth_field=&#8221;on&#8221; field_background_color=&#8221;#ffffff&#8221; _builder_version=&#8221;3.22.6&#8243; form_field_font=&#8221;||||||||&#8221; form_field_text_color=&#8221;#00275f&#8221; custom_margin=&#8221;||30px|&#8221; custom_margin_tablet=&#8221;||30px|&#8221; custom_margin_phone=&#8221;||30px|&#8221; button_text_size__hover_enabled=&#8221;off&#8221; button_one_text_size__hover_enabled=&#8221;off&#8221; button_two_text_size__hover_enabled=&#8221;off&#8221; button_text_color__hover_enabled=&#8221;off&#8221; button_one_text_color__hover_enabled=&#8221;off&#8221; button_two_text_color__hover_enabled=&#8221;off&#8221; button_border_width__hover_enabled=&#8221;off&#8221; button_one_border_width__hover_enabled=&#8221;off&#8221; button_two_border_width__hover_enabled=&#8221;off&#8221; button_border_color__hover_enabled=&#8221;off&#8221; button_one_border_color__hover_enabled=&#8221;off&#8221; button_two_border_color__hover_enabled=&#8221;off&#8221; button_border_radius__hover_enabled=&#8221;off&#8221; button_one_border_radius__hover_enabled=&#8221;off&#8221; button_two_border_radius__hover_enabled=&#8221;off&#8221; button_letter_spacing__hover_enabled=&#8221;off&#8221; button_one_letter_spacing__hover_enabled=&#8221;off&#8221; button_two_letter_spacing__hover_enabled=&#8221;off&#8221; button_bg_color__hover_enabled=&#8221;off&#8221; button_one_bg_color__hover_enabled=&#8221;off&#8221; button_two_bg_color__hover_enabled=&#8221;off&#8221;][\/et_pb_contact_field][\/et_pb_contact_form][\/et_pb_column][\/et_pb_row][\/et_pb_section][et_pb_section fb_built=&#8221;1&#8243; custom_padding_last_edited=&#8221;on|phone&#8221; admin_label=&#8221;Contact Info&#8221; _builder_version=&#8221;3.22.3&#8243; background_color=&#8221;#00275f&#8221; background_color_gradient_direction=&#8221;212deg&#8221; custom_margin=&#8221;|||&#8221; custom_padding=&#8221;100px||||false|false&#8221; custom_padding_tablet=&#8221;120px|||&#8221; custom_padding_phone=&#8221;60px|||&#8221; top_divider_color=&#8221;#d81c29&#8243; top_divider_height=&#8221;200px&#8221; top_divider_repeat=&#8221;0.5x&#8221; top_divider_flip=&#8221;horizontal&#8221; top_divider_height_phone=&#8221;70px&#8221; top_divider_height_last_edited=&#8221;on|phone&#8221; bottom_divider_color=&#8221;#ffffff&#8221; bottom_divider_height=&#8221;200px&#8221; bottom_divider_repeat=&#8221;0.3x&#8221; bottom_divider_flip=&#8221;vertical|horizontal&#8221; bottom_divider_height_phone=&#8221;70px&#8221; bottom_divider_height_last_edited=&#8221;on|phone&#8221; locked=&#8221;off&#8221;][et_pb_row _builder_version=&#8221;3.22.3&#8243;][et_pb_column type=&#8221;4_4&#8243; _builder_version=&#8221;3.0.47&#8243;][et_pb_text _builder_version=&#8221;3.22.6&#8243; text_font=&#8221;Josefin Sans||||||||&#8221; text_font_size=&#8221;20px&#8221; text_line_height=&#8221;1.8em&#8221; header_font=&#8221;||||||||&#8221; header_2_font=&#8221;Josefin Sans|700|||||||&#8221; header_2_font_size=&#8221;60px&#8221; header_2_font_size_tablet=&#8221;50px&#8221; header_2_font_size_phone=&#8221;34px&#8221; header_2_font_size_last_edited=&#8221;on|phone&#8221; header_2_line_height=&#8221;1.4em&#8221; text_orientation=&#8221;center&#8221; background_layout=&#8221;dark&#8221; max_width=&#8221;800px&#8221; module_alignment=&#8221;center&#8221;]<\/p>\n<h2>Rent a car Beograd<br \/> <span style=\"color: #fff;\"><a href=\"tel:+38112850 03 \">+381 11 285 04 03 <\/a><\/span><\/p>\n<p> <span style=\"color: #fff;\"><a href=\"tel:+381652850403\">+381 65 285 04 03<\/a><\/span><\/h2>\n<p><span style=\"color: #fff;\"><\/span><\/p>\n<p>[\/et_pb_text][\/et_pb_column][\/et_pb_row][et_pb_row _builder_version=&#8221;3.22.3&#8243;][et_pb_column type=&#8221;1_3&#8243; _builder_version=&#8221;3.0.47&#8243;][et_pb_blurb use_icon=&#8221;on&#8221; font_icon=&#8221;%%238%%&#8221; icon_placement=&#8221;left&#8221; content_max_width=&#8221;1100px&#8221; use_icon_font_size=&#8221;on&#8221; icon_font_size=&#8221;32px&#8221; _builder_version=&#8221;3.22.2&#8243; header_font=&#8221;Josefin Sans|600|||||||&#8221; header_line_height=&#8221;1.6em&#8221; body_font=&#8221;||||||||&#8221; background_layout=&#8221;dark&#8221; animation_style=&#8221;zoom&#8221; animation_intensity_zoom=&#8221;10%&#8221; animation=&#8221;off&#8221; locked=&#8221;off&#8221;]<\/p>\n<h4><strong><a href=\"mailto:rentacar2m2@gmail.com\">rentacar2m2@gmail.com<\/a>\u00a0<\/strong><\/h4>\n<p>[\/et_pb_blurb][\/et_pb_column][et_pb_column type=&#8221;1_3&#8243; _builder_version=&#8221;3.0.47&#8243;][et_pb_blurb use_icon=&#8221;on&#8221; font_icon=&#8221;%%264%%&#8221; icon_placement=&#8221;left&#8221; content_max_width=&#8221;1100px&#8221; use_icon_font_size=&#8221;on&#8221; icon_font_size=&#8221;32px&#8221; _builder_version=&#8221;3.22.6&#8243; header_font=&#8221;Josefin Sans|600|||||||&#8221; header_line_height=&#8221;1.6em&#8221; body_font=&#8221;||||||||&#8221; background_layout=&#8221;dark&#8221; animation_style=&#8221;zoom&#8221; animation_intensity_zoom=&#8221;10%&#8221; animation=&#8221;off&#8221; locked=&#8221;off&#8221;]<\/p>\n<h4><a href=\"tel:+381112850403 \">+381 11 285 04 03 <\/a><\/span><br \/>\n<a href=\"tel:+381652850403\">+381 65 285 04 03<\/a><\/span><\/h4>\n<p>[\/et_pb_blurb][\/et_pb_column][et_pb_column type=&#8221;1_3&#8243; _builder_version=&#8221;3.0.47&#8243;][et_pb_blurb title=&#8221;Gospodara Vu\u010di\u0107a 156, Vo\u017edovac Belgrade, Serbia&#8221; use_icon=&#8221;on&#8221; font_icon=&#8221;%%249%%&#8221; icon_placement=&#8221;left&#8221; content_max_width=&#8221;1100px&#8221; use_icon_font_size=&#8221;on&#8221; icon_font_size=&#8221;32px&#8221; _builder_version=&#8221;3.22.2&#8243; header_font=&#8221;Josefin Sans|600|||||||&#8221; header_line_height=&#8221;1.6em&#8221; body_font=&#8221;||||||||&#8221; background_layout=&#8221;dark&#8221; animation_style=&#8221;zoom&#8221; animation_intensity_zoom=&#8221;10%&#8221; animation=&#8221;off&#8221; locked=&#8221;off&#8221;][\/et_pb_blurb][\/et_pb_column][\/et_pb_row][et_pb_row _builder_version=&#8221;3.22.3&#8243;][et_pb_column type=&#8221;4_4&#8243; _builder_version=&#8221;3.0.47&#8243;][et_pb_button button_url=&#8221;https:\/\/rentacarubeogradu.rs\/en\/reservation\/&#8221; button_text=&#8221;Book online&#8221; button_alignment=&#8221;center&#8221; _builder_version=&#8221;3.22.6&#8243; custom_button=&#8221;on&#8221; button_text_size=&#8221;14px&#8221; button_text_color=&#8221;#ffffff&#8221; button_bg_color=&#8221;#d81c29&#8243; button_border_width=&#8221;0px&#8221; button_border_color=&#8221;#faa152&#8243; button_border_radius=&#8221;0px&#8221; button_font=&#8221;Josefin Sans|600||on|||||&#8221; button_use_icon=&#8221;off&#8221; background_layout=&#8221;dark&#8221; custom_margin=&#8221;|||&#8221; custom_margin_tablet=&#8221;||0px|&#8221; custom_margin_last_edited=&#8221;off|desktop&#8221; custom_padding=&#8221;16px|32px|16px|32px|true|true&#8221; locked=&#8221;off&#8221; button_text_size__hover_enabled=&#8221;off&#8221; button_one_text_size__hover_enabled=&#8221;off&#8221; button_two_text_size__hover_enabled=&#8221;off&#8221; button_text_color__hover_enabled=&#8221;off&#8221; button_one_text_color__hover_enabled=&#8221;off&#8221; button_two_text_color__hover_enabled=&#8221;off&#8221; button_border_width__hover_enabled=&#8221;off&#8221; button_one_border_width__hover_enabled=&#8221;off&#8221; button_two_border_width__hover_enabled=&#8221;off&#8221; button_border_color__hover_enabled=&#8221;off&#8221; button_one_border_color__hover_enabled=&#8221;off&#8221; button_two_border_color__hover_enabled=&#8221;off&#8221; button_border_radius__hover_enabled=&#8221;off&#8221; button_one_border_radius__hover_enabled=&#8221;off&#8221; button_two_border_radius__hover_enabled=&#8221;off&#8221; button_letter_spacing__hover_enabled=&#8221;off&#8221; button_one_letter_spacing__hover_enabled=&#8221;off&#8221; button_two_letter_spacing__hover_enabled=&#8221;off&#8221; button_bg_color__hover_enabled=&#8221;off&#8221; button_one_bg_color__hover_enabled=&#8221;off&#8221; button_two_bg_color__hover_enabled=&#8221;off&#8221;][\/et_pb_button][\/et_pb_column][\/et_pb_row][\/et_pb_section][et_pb_section fb_built=&#8221;1&#8243; admin_label=&#8221;Map&#8221; _builder_version=&#8221;3.22.3&#8243; custom_padding=&#8221;0|0px|0|0px|false|false&#8221;][et_pb_row use_custom_gutter=&#8221;on&#8221; gutter_width=&#8221;1&#8243; custom_padding=&#8221;0|0px|0|0px|false|false&#8221; module_class=&#8221; et_pb_row_fullwidth&#8221; _builder_version=&#8221;3.22.3&#8243; width=&#8221;100%&#8221; width_tablet=&#8221;100%&#8221; width_last_edited=&#8221;on|desktop&#8221; max_width=&#8221;100%&#8221; max_width_tablet=&#8221;100%&#8221; max_width_last_edited=&#8221;on|desktop&#8221; make_fullwidth=&#8221;on&#8221;][et_pb_column type=&#8221;4_4&#8243; _builder_version=&#8221;3.0.47&#8243;][et_pb_map address=&#8221;Gospodara Vu\u010di\u0107a 156, Beograd, Serbia&#8221; address_lat=&#8221;44.7914494&#8243; address_lng=&#8221;20.490393&#8243; mouse_wheel=&#8221;off&#8221; _builder_version=&#8221;3.22.2&#8243;][et_pb_map_pin pin_address=&#8221;Gospodara Vu\u010di\u0107a 156, Beograd, Serbia&#8221; pin_address_lat=&#8221;44.7914494&#8243; pin_address_lng=&#8221;20.490393&#8243; _builder_version=&#8221;3.22.2&#8243;][\/et_pb_map_pin][\/et_pb_map][\/et_pb_column][\/et_pb_row][\/et_pb_section]<\/p>\n","protected":false},"excerpt":{"rendered":"<p>Who are we? We successfully rent vehicles for every occasion and need you might have. We are happy to claim providing excellent value for money, as confirmed by a large number of our clients, and we are sure that you will become one of them. Our fleet is consisted of reliable vehicles of the latest [&hellip;]<\/p>\n","protected":false},"author":1,"featured_media":0,"parent":0,"menu_order":0,"comment_status":"closed","ping_status":"closed","template":"","meta":{"_et_pb_use_builder":"on","_et_pb_old_content":"","_et_gb_content_width":"","footnotes":""},"class_list":["post-399","page","type-page","status-publish","hentry"],"_links":{"self":[{"href":"https:\/\/rentacarubeogradu.rs\/en\/wp-json\/wp\/v2\/pages\/399","targetHints":{"allow":["GET"]}}],"collection":[{"href":"https:\/\/rentacarubeogradu.rs\/en\/wp-json\/wp\/v2\/pages"}],"about":[{"href":"https:\/\/rentacarubeogradu.rs\/en\/wp-json\/wp\/v2\/types\/page"}],"author":[{"embeddable":true,"href":"https:\/\/rentacarubeogradu.rs\/en\/wp-json\/wp\/v2\/users\/1"}],"replies":[{"embeddable":true,"href":"https:\/\/rentacarubeogradu.rs\/en\/wp-json\/wp\/v2\/comments?post=399"}],"version-history":[{"count":4,"href":"https:\/\/rentacarubeogradu.rs\/en\/wp-json\/wp\/v2\/pages\/399\/revisions"}],"predecessor-version":[{"id":418,"href":"https:\/\/rentacarubeogradu.rs\/en\/wp-json\/wp\/v2\/pages\/399\/revisions\/418"}],"wp:attachment":[{"href":"https:\/\/rentacarubeogradu.rs\/en\/wp-json\/wp\/v2\/media?parent=399"}],"curies":[{"name":"wp","href":"https:\/\/api.w.org\/{rel}","templated":true}]}}